{"id":3544,"date":"2020-07-24T11:21:14","date_gmt":"2020-07-24T17:21:14","guid":{"rendered":"https:\/\/psiquexpresion.com\/backup\/?page_id=3544"},"modified":"2025-03-10T05:34:45","modified_gmt":"2025-03-10T11:34:45","slug":"politica-de-privacidad","status":"publish","type":"page","link":"https:\/\/psiquexpresion.com\/backup\/politica-de-privacidad\/","title":{"rendered":"Pol\u00edtica de Privacidad"},"content":{"rendered":"<h2><\/h2>\n<h2><strong>AVISO DE PRIVACIDAD<\/strong><\/h2>\n<p>Para <strong>PSIQUEXPRESI\u00d3N<\/strong> es muy importante el respeto y la preservaci\u00f3n de la confianza de nuestros usuarios. Su informaci\u00f3n personal siempre ser\u00e1 tratada de manera confidencial y de acuerdo con las leyes para garantizar la protecci\u00f3n de sus datos personales en \u00a0conformidad a la Ley General de Protecci\u00f3n de Datos Personales en Posesi\u00f3n de datos Personales en Posesi\u00f3n de Sujetos Obligados. Por ello, ponemos a tu disposici\u00f3n nuestro Aviso de Privacidad.<\/p>\n<p><strong>PSIQUEXPRESI\u00d3N<\/strong>, se ha adecuado a las exigencias de la ley con fundamento en los art\u00edculos 15 y 16 de la Ley Federal de Protecci\u00f3n de Datos Personales en Posesi\u00f3n de Particulares (en lo sucesivo \u201cla Ley\u201d)<\/p>\n<p>En este aviso de privacidad describimos c\u00f3mo recogemos sus datos personales y por qu\u00e9 los recogemos, qu\u00e9 hacemos con ellos, con qui\u00e9n los compartimos, c\u00f3mo los protegemos y sus opciones en cuanto al tratamiento de sus datos personales.<\/p>\n<p><strong>\u00a0<\/strong><\/p>\n<h2><strong>IDENTIDAD Y DOMICILIO DEL RESPONSABLE QUE RECABA LOS DATOS<\/strong><\/h2>\n<p>Denominaci\u00f3n social: <strong>Yraida Carolina Moreno Luna<\/strong><\/p>\n<p>Nombre comercial: <strong>Psiquexpresi\u00f3n<\/strong><\/p>\n<p>CIF \u2013 RFC: <strong>MOLY770825K81<\/strong><\/p>\n<p>Domicilio: Todos nuestros servicios se realizan de forma online.<\/p>\n<p>Correo electr\u00f3nico: <a href=\"mailto:consultas@psiquexpresion.com\">consultas@psiquexpresion.com<\/a><\/p>\n<h2><strong>TRATAMIENTO DE SUS DATOS PERSONALES<\/strong><\/h2>\n<p>Para las finalidades se\u00f1aladas en el presente aviso de privacidad, podemos recabar sus datos personales de forma directa cuando usted mismo nos los proporcione para solicitar uno de nuestros servicios o requiera alguna informaci\u00f3n de inter\u00e9s tratada en nuestra web.<\/p>\n<p>Los Datos personales de identificaci\u00f3n que obtenemos por este medio son:<\/p>\n<ul>\n<li>Nombre y Apellido<\/li>\n<li>Correo electr\u00f3nico<\/li>\n<\/ul>\n<p>Los datos proporcionados, ser\u00e1n resguardados y administrados en t\u00e9rminos de lo dispuesto en la \u00abLey\u00bb y, en tal sentido, nos comprometemos a salvaguardar tal informaci\u00f3n bajo los principios de lealtad y responsabilidad.<\/p>\n<p><strong>\u00a0<\/strong><\/p>\n<h2><strong>REDES SOCIALES<\/strong><\/h2>\n<p>En <strong>psiquexpresi\u00f3n.com <\/strong>se ofrece enlaces y servicio relacionados con las diferentes redes sociales. Por lo que, si eres miembro de una red social y haces clic sobre el correspondiente enlace, el proveedor de la red social podr\u00e1 enlazar tus datos de perfil con la informaci\u00f3n de tu visita a la web.<\/p>\n<p>Puedes acceder en todo momento a las pol\u00edticas de privacidad de las diferentes redes sociales, as\u00ed como configurar tu perfil para garantizar tu privacidad:<\/p>\n<ul>\n<li>Facebook: <a href=\"https:\/\/www.facebook.com\/about\/privacy\/\">https:\/\/www.facebook.com\/about\/privacy\/<\/a><\/li>\n<li>Twitter: <a href=\"https:\/\/twitter.com\/es\/privacy\">https:\/\/twitter.com\/es\/privacy<\/a><\/li>\n<li>Instagram: <a href=\"https:\/\/help.instagram.com\/155833707900388\">https:\/\/help.instagram.com\/155833707900388<\/a><\/li>\n<\/ul>\n<p><strong>Medios para ejercer los derechos de acceso, rectificaci\u00f3n, cancelaci\u00f3n u oposici\u00f3n (ARCO):<\/strong><\/p>\n<p>Usted tiene derecho de acceder, rectificar y cancelar sus datos personales, as\u00ed como de oponerse al tratamiento de los mismos o revocar el consentimiento que para tal fin nos haya otorgado; para ello, es necesario que env\u00ede la solicitud en los t\u00e9rminos que marca la Ley en su Art. 29 a nuestro domicilio, o bien, puede comunicarse al tel\u00e9fono <a href=\"tel:+52%2055%206794%201576\">+52 55 6794 1576<\/a> o v\u00eda correo electr\u00f3nico a <a href=\"mailto:consultas@psiquexpresion.com\">consultas@psiquexpresion.com<\/a><\/p>\n<p><strong>\u00a0<\/strong><\/p>\n<h2><strong>TRANSFERENCIA O COMUNICACI\u00d3N \u00a0DE DATOS<\/strong><\/h2>\n<p>Le informamos que sus datos no ser\u00e1n transferidos o comunicados sin su consentimiento.<\/p>\n<h2><strong>CAMBIOS AL AVISO DE PRIVACIDAD<\/strong><\/h2>\n<p>Los cambios o actualizaciones a este aviso de privacidad est\u00e1n disponibles y puedes consultarlos peri\u00f3dicamente en nuestro sitio de internet <u><a href=\"https:\/\/psiquexpresion.com\/backup\">https:\/\/psiquexpresion.com\/backup<\/a><\/u> en la secci\u00f3n de pol\u00edtica de privacidad.<\/p>\n<h2><strong>COOKIES<\/strong><\/h2>\n<p>La cookie es una breve informaci\u00f3n que el portal de Internet env\u00eda a tu computadora, la cual queda almacenada en el disco duro. La pr\u00f3xima vez que ingreses a nuestro portal, podremos usar la informaci\u00f3n almacenada en la cookie para facilitarte el uso de nuestro sitio de Internet. Por ejemplo, podemos usar tu cookie para almacenar una contrase\u00f1a para que no tengas que ingresarla de nuevo cada vez que te traslades a una secci\u00f3n diferente de nuestro portal de Internet. Una cookie no nos permite conocer tu identidad personal a menos que expresamente elijas proporcion\u00e1rnosla. La mayor\u00eda de las cookies expiran despu\u00e9s de un periodo determinado de tiempo, o bien las puedes borrar en el momento en que lo desees siguiendo las instrucciones de su navegador de Internet. Asimismo, puedes hacer que tu navegador te avise cuando recibes una cookie de manera que puedas aceptarlas o rechazarlas siguiendo las instrucciones de su navegador de Internet.<\/p>\n<h2><strong>DEFINICIONES<\/strong><\/h2>\n<p>Para efectos de este aviso de privacidad, los t\u00e9rminos mencionados tienen el significado que se les atribuye conforme a las definiciones siguientes:<\/p>\n<p><strong>Datos personales de identificaci\u00f3n:<\/strong> nombre completo y correo electr\u00f3nico.<\/p>\n<p><strong>Tratamiento:<\/strong> la obtenci\u00f3n, uso, divulgaci\u00f3n o almacenamiento de datos personales, por cualquier medio. El uso abarca cualquier acci\u00f3n de acceso, manejo, aprovechamiento, transferencia o disposici\u00f3n de datos personales.<\/p>\n<p><strong>Responsable:<\/strong> PSIQUEXPRESI\u00d3N, que es quien decide sobre el tratamiento de los datos personales.<\/p>\n<p><strong>Transferencia:<\/strong> toda comunicaci\u00f3n de datos realizada a persona distinta de PSIQUEXPRESI\u00d3N o encargado del tratamiento.<\/p>\n<p><strong>Ley:<\/strong>\u00a0Ley General de Protecci\u00f3n de Datos Personales en Posesi\u00f3n de datos Personales en Posesi\u00f3n de Sujetos Obligados. (Ver en la secci\u00f3n de <a href=\"https:\/\/psiquexpresion.com\/backup\/wp-content\/uploads\/2020\/07\/LGPDPPSO.pdf\" target=\"_blank\" rel=\"noopener noreferrer\">Aviso Legal<\/a>)<\/p>\n<p><strong>FECHA DE LA \u00daLTIMA ACTUALIZACI\u00d3N:<\/strong> <strong>22 de julio de 2020<\/strong><\/p>\n","protected":false},"excerpt":{"rendered":"<p>AVISO DE PRIVACIDAD Para PSIQUEXPRESI\u00d3N es muy importante el respeto y la preservaci\u00f3n de la confianza de nuestros usuarios. Su informaci\u00f3n personal siempre ser\u00e1 tratada de<span class=\"excerpt-hellip\"> [\u2026]<\/span><\/p>\n","protected":false},"author":3,"featured_media":0,"parent":0,"menu_order":0,"comment_status":"closed","ping_status":"closed","template":"","meta":{"footnotes":""},"class_list":["post-3544","page","type-page","status-publish","hentry"],"aioseo_notices":[],"_links":{"self":[{"href":"https:\/\/psiquexpresion.com\/backup\/wp-json\/wp\/v2\/pages\/3544","targetHints":{"allow":["GET"]}}],"collection":[{"href":"https:\/\/psiquexpresion.com\/backup\/wp-json\/wp\/v2\/pages"}],"about":[{"href":"https:\/\/psiquexpresion.com\/backup\/wp-json\/wp\/v2\/types\/page"}],"author":[{"embeddable":true,"href":"https:\/\/psiquexpresion.com\/backup\/wp-json\/wp\/v2\/users\/3"}],"replies":[{"embeddable":true,"href":"https:\/\/psiquexpresion.com\/backup\/wp-json\/wp\/v2\/comments?post=3544"}],"version-history":[{"count":1,"href":"https:\/\/psiquexpresion.com\/backup\/wp-json\/wp\/v2\/pages\/3544\/revisions"}],"predecessor-version":[{"id":23312,"href":"https:\/\/psiquexpresion.com\/backup\/wp-json\/wp\/v2\/pages\/3544\/revisions\/23312"}],"wp:attachment":[{"href":"https:\/\/psiquexpresion.com\/backup\/wp-json\/wp\/v2\/media?parent=3544"}],"curies":[{"name":"wp","href":"https:\/\/api.w.org\/{rel}","templated":true}]}}